{"id":2025,"date":"2017-08-17T13:36:28","date_gmt":"2017-08-17T11:36:28","guid":{"rendered":"http:\/\/anna-wasilewski.com\/wp\/?page_id=2025"},"modified":"2020-12-10T18:12:00","modified_gmt":"2020-12-10T16:12:00","slug":"foto-und-filmlocation","status":"publish","type":"page","link":"https:\/\/anna-wasilewski.com\/wp\/leistungen\/foto-und-filmlocation\/","title":{"rendered":"Foto- und Filmlocation"},"content":{"rendered":"<p>\u00dcber den D\u00e4chern von Berlin, im sch\u00f6nen Wedding:<\/p>\n<ul>\n<li>Fahrstuhl<\/li>\n<li>Stellpl\u00e4tze<\/li>\n<li>K\u00fcche, Bad, 3 Zimmer, begehbarer Kleiderschrank, Terrasse<\/li>\n<li>70 qm Wohnfl\u00e4che<\/li>\n<li>65 qm Dachterrasse<\/li>\n<\/ul>\n<h2>Video<\/h2>\n<p><iframe loading=\"lazy\" title=\"Foto- und Filmlocation\" src=\"https:\/\/player.vimeo.com\/video\/489426861?dnt=1&amp;app_id=122963\" width=\"700\" height=\"394\" frameborder=\"0\" allow=\"autoplay; fullscreen\" allowfullscreen><\/iframe><\/p>\n<h2>Fotos<\/h2>\n<h3>Au\u00dfenansicht S\u00fcdseite<\/h3>\n<p><img loading=\"lazy\" decoding=\"async\" class=\"alignleft wp-image-2026\" src=\"http:\/\/anna-wasilewski.com\/wp\/wp-content\/uploads\/2017\/08\/001_001_IMG_0016-2222px-Boettgerstr-7-c-Anna-Wasilewski-000-1024x683.jpg\" alt=\"\" width=\"1024\" height=\"683\" srcset=\"https:\/\/anna-wasilewski.com\/wp\/wp-content\/uploads\/2017\/08\/001_001_IMG_0016-2222px-Boettgerstr-7-c-Anna-Wasilewski-000-1024x683.jpg 1024w, https:\/\/anna-wasilewski.com\/wp\/wp-content\/uploads\/2017\/08\/001_001_IMG_0016-2222px-Boettgerstr-7-c-Anna-Wasilewski-000-300x200.jpg 300w, https:\/\/anna-wasilewski.com\/wp\/wp-content\/uploads\/2017\/08\/001_001_IMG_0016-2222px-Boettgerstr-7-c-Anna-Wasilewski-000-768x512.jpg 768w\" sizes=\"auto, (max-width: 1024px) 100vw, 1024px\" \/><\/p>\n<h3>Blick nach Westen<\/h3>\n<p><img loading=\"lazy\" decoding=\"async\" class=\"alignleft wp-image-2027\" src=\"http:\/\/anna-wasilewski.com\/wp\/wp-content\/uploads\/2017\/08\/002_IMG_0011-2222px-Boettgerstr-7-c-Anna-Wasilewski-001-1024x683.jpg\" alt=\"\" width=\"1024\" height=\"683\" srcset=\"https:\/\/anna-wasilewski.com\/wp\/wp-content\/uploads\/2017\/08\/002_IMG_0011-2222px-Boettgerstr-7-c-Anna-Wasilewski-001-1024x683.jpg 1024w, https:\/\/anna-wasilewski.com\/wp\/wp-content\/uploads\/2017\/08\/002_IMG_0011-2222px-Boettgerstr-7-c-Anna-Wasilewski-001-300x200.jpg 300w, https:\/\/anna-wasilewski.com\/wp\/wp-content\/uploads\/2017\/08\/002_IMG_0011-2222px-Boettgerstr-7-c-Anna-Wasilewski-001-768x512.jpg 768w\" sizes=\"auto, (max-width: 1024px) 100vw, 1024px\" \/><\/p>\n<p><img loading=\"lazy\" decoding=\"async\" class=\"alignleft wp-image-2028\" src=\"http:\/\/anna-wasilewski.com\/wp\/wp-content\/uploads\/2017\/08\/003_IMG_0012-2222px-Boettgerstr-7-c-Anna-Wasilewski-002-1024x683.jpg\" alt=\"\" width=\"1024\" height=\"683\" srcset=\"https:\/\/anna-wasilewski.com\/wp\/wp-content\/uploads\/2017\/08\/003_IMG_0012-2222px-Boettgerstr-7-c-Anna-Wasilewski-002-1024x683.jpg 1024w, https:\/\/anna-wasilewski.com\/wp\/wp-content\/uploads\/2017\/08\/003_IMG_0012-2222px-Boettgerstr-7-c-Anna-Wasilewski-002-300x200.jpg 300w, https:\/\/anna-wasilewski.com\/wp\/wp-content\/uploads\/2017\/08\/003_IMG_0012-2222px-Boettgerstr-7-c-Anna-Wasilewski-002-768x512.jpg 768w\" sizes=\"auto, (max-width: 1024px) 100vw, 1024px\" \/><\/p>\n<h3>Westseite<\/h3>\n<p><img loading=\"lazy\" decoding=\"async\" class=\"alignleft wp-image-2029\" src=\"http:\/\/anna-wasilewski.com\/wp\/wp-content\/uploads\/2017\/08\/004_002_IMG_0025-2222px-Boettgerstr-7-c-Anna-Wasilewski-003-1024x683.jpg\" alt=\"\" width=\"1024\" height=\"683\" srcset=\"https:\/\/anna-wasilewski.com\/wp\/wp-content\/uploads\/2017\/08\/004_002_IMG_0025-2222px-Boettgerstr-7-c-Anna-Wasilewski-003-1024x683.jpg 1024w, https:\/\/anna-wasilewski.com\/wp\/wp-content\/uploads\/2017\/08\/004_002_IMG_0025-2222px-Boettgerstr-7-c-Anna-Wasilewski-003-300x200.jpg 300w, https:\/\/anna-wasilewski.com\/wp\/wp-content\/uploads\/2017\/08\/004_002_IMG_0025-2222px-Boettgerstr-7-c-Anna-Wasilewski-003-768x512.jpg 768w\" sizes=\"auto, (max-width: 1024px) 100vw, 1024px\" \/><\/p>\n<h3>Nordseite<\/h3>\n<p><img loading=\"lazy\" decoding=\"async\" class=\"alignleft wp-image-2030\" src=\"http:\/\/anna-wasilewski.com\/wp\/wp-content\/uploads\/2017\/08\/005_003_IMG_0029-2222px-Boettgerstr-7-c-Anna-Wasilewski-004-1024x683.jpg\" alt=\"\" width=\"1024\" height=\"683\" srcset=\"https:\/\/anna-wasilewski.com\/wp\/wp-content\/uploads\/2017\/08\/005_003_IMG_0029-2222px-Boettgerstr-7-c-Anna-Wasilewski-004-1024x683.jpg 1024w, https:\/\/anna-wasilewski.com\/wp\/wp-content\/uploads\/2017\/08\/005_003_IMG_0029-2222px-Boettgerstr-7-c-Anna-Wasilewski-004-300x200.jpg 300w, https:\/\/anna-wasilewski.com\/wp\/wp-content\/uploads\/2017\/08\/005_003_IMG_0029-2222px-Boettgerstr-7-c-Anna-Wasilewski-004-768x512.jpg 768w\" sizes=\"auto, (max-width: 1024px) 100vw, 1024px\" \/><\/p>\n<p><img loading=\"lazy\" decoding=\"async\" class=\"alignleft wp-image-2031\" src=\"http:\/\/anna-wasilewski.com\/wp\/wp-content\/uploads\/2017\/08\/006_004_IMG_0031-2222px-Boettgerstr-7-c-Anna-Wasilewski-005-1024x683.jpg\" alt=\"\" width=\"1024\" height=\"683\" srcset=\"https:\/\/anna-wasilewski.com\/wp\/wp-content\/uploads\/2017\/08\/006_004_IMG_0031-2222px-Boettgerstr-7-c-Anna-Wasilewski-005-1024x683.jpg 1024w, https:\/\/anna-wasilewski.com\/wp\/wp-content\/uploads\/2017\/08\/006_004_IMG_0031-2222px-Boettgerstr-7-c-Anna-Wasilewski-005-300x200.jpg 300w, https:\/\/anna-wasilewski.com\/wp\/wp-content\/uploads\/2017\/08\/006_004_IMG_0031-2222px-Boettgerstr-7-c-Anna-Wasilewski-005-768x512.jpg 768w\" sizes=\"auto, (max-width: 1024px) 100vw, 1024px\" \/><\/p>\n<h3>K\u00fcche<\/h3>\n<p><img loading=\"lazy\" decoding=\"async\" class=\"alignleft wp-image-2032\" src=\"http:\/\/anna-wasilewski.com\/wp\/wp-content\/uploads\/2017\/08\/007_005_IMG_0095-2222px-Boettgerstr-7-c-Anna-Wasilewski-006-1024x683.jpg\" alt=\"\" width=\"1024\" height=\"683\" srcset=\"https:\/\/anna-wasilewski.com\/wp\/wp-content\/uploads\/2017\/08\/007_005_IMG_0095-2222px-Boettgerstr-7-c-Anna-Wasilewski-006-1024x683.jpg 1024w, https:\/\/anna-wasilewski.com\/wp\/wp-content\/uploads\/2017\/08\/007_005_IMG_0095-2222px-Boettgerstr-7-c-Anna-Wasilewski-006-300x200.jpg 300w, https:\/\/anna-wasilewski.com\/wp\/wp-content\/uploads\/2017\/08\/007_005_IMG_0095-2222px-Boettgerstr-7-c-Anna-Wasilewski-006-768x512.jpg 768w\" sizes=\"auto, (max-width: 1024px) 100vw, 1024px\" \/><\/p>\n<h3>Flur<\/h3>\n<p><img loading=\"lazy\" decoding=\"async\" class=\"alignleft wp-image-2033\" src=\"http:\/\/anna-wasilewski.com\/wp\/wp-content\/uploads\/2017\/08\/008_006_IMG_0103-2222px-Boettgerstr-7-c-Anna-Wasilewski-007-683x1024.jpg\" alt=\"\" width=\"1024\" height=\"1536\" srcset=\"https:\/\/anna-wasilewski.com\/wp\/wp-content\/uploads\/2017\/08\/008_006_IMG_0103-2222px-Boettgerstr-7-c-Anna-Wasilewski-007-683x1024.jpg 683w, https:\/\/anna-wasilewski.com\/wp\/wp-content\/uploads\/2017\/08\/008_006_IMG_0103-2222px-Boettgerstr-7-c-Anna-Wasilewski-007-200x300.jpg 200w, https:\/\/anna-wasilewski.com\/wp\/wp-content\/uploads\/2017\/08\/008_006_IMG_0103-2222px-Boettgerstr-7-c-Anna-Wasilewski-007-768x1152.jpg 768w, https:\/\/anna-wasilewski.com\/wp\/wp-content\/uploads\/2017\/08\/008_006_IMG_0103-2222px-Boettgerstr-7-c-Anna-Wasilewski-007.jpg 1481w\" sizes=\"auto, (max-width: 1024px) 100vw, 1024px\" \/><\/p>\n<h3>Arbeits- \/ G\u00e4stezimmer<\/h3>\n<p><img loading=\"lazy\" decoding=\"async\" class=\"alignleft wp-image-2034\" src=\"http:\/\/anna-wasilewski.com\/wp\/wp-content\/uploads\/2017\/08\/009_007_IMG_0113-2222px-Boettgerstr-7-c-Anna-Wasilewski-008-1024x683.jpg\" alt=\"\" width=\"1024\" height=\"683\" srcset=\"https:\/\/anna-wasilewski.com\/wp\/wp-content\/uploads\/2017\/08\/009_007_IMG_0113-2222px-Boettgerstr-7-c-Anna-Wasilewski-008-1024x683.jpg 1024w, https:\/\/anna-wasilewski.com\/wp\/wp-content\/uploads\/2017\/08\/009_007_IMG_0113-2222px-Boettgerstr-7-c-Anna-Wasilewski-008-300x200.jpg 300w, https:\/\/anna-wasilewski.com\/wp\/wp-content\/uploads\/2017\/08\/009_007_IMG_0113-2222px-Boettgerstr-7-c-Anna-Wasilewski-008-768x512.jpg 768w\" sizes=\"auto, (max-width: 1024px) 100vw, 1024px\" \/><\/p>\n<h3>Wohnzimmer<\/h3>\n<p><img loading=\"lazy\" decoding=\"async\" class=\"alignleft wp-image-2035\" src=\"http:\/\/anna-wasilewski.com\/wp\/wp-content\/uploads\/2017\/08\/010_008_IMG_0089-2222px-Boettgerstr-7-c-Anna-Wasilewski-009-1024x683.jpg\" alt=\"\" width=\"1024\" height=\"683\" srcset=\"https:\/\/anna-wasilewski.com\/wp\/wp-content\/uploads\/2017\/08\/010_008_IMG_0089-2222px-Boettgerstr-7-c-Anna-Wasilewski-009-1024x683.jpg 1024w, https:\/\/anna-wasilewski.com\/wp\/wp-content\/uploads\/2017\/08\/010_008_IMG_0089-2222px-Boettgerstr-7-c-Anna-Wasilewski-009-300x200.jpg 300w, https:\/\/anna-wasilewski.com\/wp\/wp-content\/uploads\/2017\/08\/010_008_IMG_0089-2222px-Boettgerstr-7-c-Anna-Wasilewski-009-768x512.jpg 768w\" sizes=\"auto, (max-width: 1024px) 100vw, 1024px\" \/><\/p>\n<p><img loading=\"lazy\" decoding=\"async\" class=\"alignleft wp-image-2036\" src=\"http:\/\/anna-wasilewski.com\/wp\/wp-content\/uploads\/2017\/08\/011_009_IMG_0048-2222px-Boettgerstr-7-c-Anna-Wasilewski-010-1024x683.jpg\" alt=\"\" width=\"1024\" height=\"683\" srcset=\"https:\/\/anna-wasilewski.com\/wp\/wp-content\/uploads\/2017\/08\/011_009_IMG_0048-2222px-Boettgerstr-7-c-Anna-Wasilewski-010-1024x683.jpg 1024w, https:\/\/anna-wasilewski.com\/wp\/wp-content\/uploads\/2017\/08\/011_009_IMG_0048-2222px-Boettgerstr-7-c-Anna-Wasilewski-010-300x200.jpg 300w, https:\/\/anna-wasilewski.com\/wp\/wp-content\/uploads\/2017\/08\/011_009_IMG_0048-2222px-Boettgerstr-7-c-Anna-Wasilewski-010-768x512.jpg 768w\" sizes=\"auto, (max-width: 1024px) 100vw, 1024px\" \/><\/p>\n<p><img loading=\"lazy\" decoding=\"async\" class=\"alignleft wp-image-2046\" src=\"http:\/\/anna-wasilewski.com\/wp\/wp-content\/uploads\/2017\/08\/021_019_IMG_0144-2222px-Boettgerstr-7-c-Anna-Wasilewski-020-1024x683.jpg\" alt=\"\" width=\"1024\" height=\"683\" srcset=\"https:\/\/anna-wasilewski.com\/wp\/wp-content\/uploads\/2017\/08\/021_019_IMG_0144-2222px-Boettgerstr-7-c-Anna-Wasilewski-020-1024x683.jpg 1024w, https:\/\/anna-wasilewski.com\/wp\/wp-content\/uploads\/2017\/08\/021_019_IMG_0144-2222px-Boettgerstr-7-c-Anna-Wasilewski-020-300x200.jpg 300w, https:\/\/anna-wasilewski.com\/wp\/wp-content\/uploads\/2017\/08\/021_019_IMG_0144-2222px-Boettgerstr-7-c-Anna-Wasilewski-020-768x512.jpg 768w\" sizes=\"auto, (max-width: 1024px) 100vw, 1024px\" \/><\/p>\n<h3>Schlafzimmer<\/h3>\n<p><img loading=\"lazy\" decoding=\"async\" class=\"alignleft wp-image-2038\" src=\"http:\/\/anna-wasilewski.com\/wp\/wp-content\/uploads\/2017\/08\/013_011_IMG_0129-2222px-Boettgerstr-7-c-Anna-Wasilewski-012-683x1024.jpg\" alt=\"\" width=\"1024\" height=\"1536\" srcset=\"https:\/\/anna-wasilewski.com\/wp\/wp-content\/uploads\/2017\/08\/013_011_IMG_0129-2222px-Boettgerstr-7-c-Anna-Wasilewski-012-683x1024.jpg 683w, https:\/\/anna-wasilewski.com\/wp\/wp-content\/uploads\/2017\/08\/013_011_IMG_0129-2222px-Boettgerstr-7-c-Anna-Wasilewski-012-200x300.jpg 200w, https:\/\/anna-wasilewski.com\/wp\/wp-content\/uploads\/2017\/08\/013_011_IMG_0129-2222px-Boettgerstr-7-c-Anna-Wasilewski-012-768x1152.jpg 768w, https:\/\/anna-wasilewski.com\/wp\/wp-content\/uploads\/2017\/08\/013_011_IMG_0129-2222px-Boettgerstr-7-c-Anna-Wasilewski-012.jpg 1481w\" sizes=\"auto, (max-width: 1024px) 100vw, 1024px\" \/><\/p>\n<p><img loading=\"lazy\" decoding=\"async\" class=\"alignleft wp-image-2039\" src=\"http:\/\/anna-wasilewski.com\/wp\/wp-content\/uploads\/2017\/08\/014_012_IMG_0133-2222px-Boettgerstr-7-c-Anna-Wasilewski-013-1024x683.jpg\" alt=\"\" width=\"1024\" height=\"683\" srcset=\"https:\/\/anna-wasilewski.com\/wp\/wp-content\/uploads\/2017\/08\/014_012_IMG_0133-2222px-Boettgerstr-7-c-Anna-Wasilewski-013-1024x683.jpg 1024w, https:\/\/anna-wasilewski.com\/wp\/wp-content\/uploads\/2017\/08\/014_012_IMG_0133-2222px-Boettgerstr-7-c-Anna-Wasilewski-013-300x200.jpg 300w, https:\/\/anna-wasilewski.com\/wp\/wp-content\/uploads\/2017\/08\/014_012_IMG_0133-2222px-Boettgerstr-7-c-Anna-Wasilewski-013-768x512.jpg 768w\" sizes=\"auto, (max-width: 1024px) 100vw, 1024px\" \/><\/p>\n<p><img loading=\"lazy\" decoding=\"async\" class=\"alignleft wp-image-2040\" src=\"http:\/\/anna-wasilewski.com\/wp\/wp-content\/uploads\/2017\/08\/015_013_IMG_0134-2222px-Boettgerstr-7-c-Anna-Wasilewski-014-1024x683.jpg\" alt=\"\" width=\"1024\" height=\"683\" srcset=\"https:\/\/anna-wasilewski.com\/wp\/wp-content\/uploads\/2017\/08\/015_013_IMG_0134-2222px-Boettgerstr-7-c-Anna-Wasilewski-014-1024x683.jpg 1024w, https:\/\/anna-wasilewski.com\/wp\/wp-content\/uploads\/2017\/08\/015_013_IMG_0134-2222px-Boettgerstr-7-c-Anna-Wasilewski-014-300x200.jpg 300w, https:\/\/anna-wasilewski.com\/wp\/wp-content\/uploads\/2017\/08\/015_013_IMG_0134-2222px-Boettgerstr-7-c-Anna-Wasilewski-014-768x512.jpg 768w\" sizes=\"auto, (max-width: 1024px) 100vw, 1024px\" \/><\/p>\n<h3>Flur 2<\/h3>\n<p><img loading=\"lazy\" decoding=\"async\" class=\"alignleft wp-image-2041\" src=\"http:\/\/anna-wasilewski.com\/wp\/wp-content\/uploads\/2017\/08\/016_014_IMG_0141-2222px-Boettgerstr-7-c-Anna-Wasilewski-015-683x1024.jpg\" alt=\"\" width=\"1024\" height=\"1536\" srcset=\"https:\/\/anna-wasilewski.com\/wp\/wp-content\/uploads\/2017\/08\/016_014_IMG_0141-2222px-Boettgerstr-7-c-Anna-Wasilewski-015-683x1024.jpg 683w, https:\/\/anna-wasilewski.com\/wp\/wp-content\/uploads\/2017\/08\/016_014_IMG_0141-2222px-Boettgerstr-7-c-Anna-Wasilewski-015-200x300.jpg 200w, https:\/\/anna-wasilewski.com\/wp\/wp-content\/uploads\/2017\/08\/016_014_IMG_0141-2222px-Boettgerstr-7-c-Anna-Wasilewski-015-768x1152.jpg 768w, https:\/\/anna-wasilewski.com\/wp\/wp-content\/uploads\/2017\/08\/016_014_IMG_0141-2222px-Boettgerstr-7-c-Anna-Wasilewski-015.jpg 1481w\" sizes=\"auto, (max-width: 1024px) 100vw, 1024px\" \/><\/p>\n<h3>Badezimmer<\/h3>\n<p><img loading=\"lazy\" decoding=\"async\" class=\"alignleft wp-image-2042\" src=\"http:\/\/anna-wasilewski.com\/wp\/wp-content\/uploads\/2017\/08\/017_015_IMG_0137-2222px-Boettgerstr-7-c-Anna-Wasilewski-016-683x1024.jpg\" alt=\"\" width=\"1024\" height=\"1536\" srcset=\"https:\/\/anna-wasilewski.com\/wp\/wp-content\/uploads\/2017\/08\/017_015_IMG_0137-2222px-Boettgerstr-7-c-Anna-Wasilewski-016-683x1024.jpg 683w, https:\/\/anna-wasilewski.com\/wp\/wp-content\/uploads\/2017\/08\/017_015_IMG_0137-2222px-Boettgerstr-7-c-Anna-Wasilewski-016-200x300.jpg 200w, https:\/\/anna-wasilewski.com\/wp\/wp-content\/uploads\/2017\/08\/017_015_IMG_0137-2222px-Boettgerstr-7-c-Anna-Wasilewski-016-768x1152.jpg 768w, https:\/\/anna-wasilewski.com\/wp\/wp-content\/uploads\/2017\/08\/017_015_IMG_0137-2222px-Boettgerstr-7-c-Anna-Wasilewski-016.jpg 1481w\" sizes=\"auto, (max-width: 1024px) 100vw, 1024px\" \/><\/p>\n<p><img loading=\"lazy\" decoding=\"async\" class=\"alignleft wp-image-2043\" src=\"http:\/\/anna-wasilewski.com\/wp\/wp-content\/uploads\/2017\/08\/018_016_IMG_0126-2222px-Boettgerstr-7-c-Anna-Wasilewski-017-1024x683.jpg\" alt=\"\" width=\"1024\" height=\"683\" srcset=\"https:\/\/anna-wasilewski.com\/wp\/wp-content\/uploads\/2017\/08\/018_016_IMG_0126-2222px-Boettgerstr-7-c-Anna-Wasilewski-017-1024x683.jpg 1024w, https:\/\/anna-wasilewski.com\/wp\/wp-content\/uploads\/2017\/08\/018_016_IMG_0126-2222px-Boettgerstr-7-c-Anna-Wasilewski-017-300x200.jpg 300w, https:\/\/anna-wasilewski.com\/wp\/wp-content\/uploads\/2017\/08\/018_016_IMG_0126-2222px-Boettgerstr-7-c-Anna-Wasilewski-017-768x512.jpg 768w\" sizes=\"auto, (max-width: 1024px) 100vw, 1024px\" \/><\/p>\n<p><img loading=\"lazy\" decoding=\"async\" class=\"alignleft wp-image-2044\" src=\"http:\/\/anna-wasilewski.com\/wp\/wp-content\/uploads\/2017\/08\/019_017_IMG_0125-2222px-Boettgerstr-7-c-Anna-Wasilewski-018-1024x683.jpg\" alt=\"\" width=\"1024\" height=\"683\" srcset=\"https:\/\/anna-wasilewski.com\/wp\/wp-content\/uploads\/2017\/08\/019_017_IMG_0125-2222px-Boettgerstr-7-c-Anna-Wasilewski-018-1024x683.jpg 1024w, https:\/\/anna-wasilewski.com\/wp\/wp-content\/uploads\/2017\/08\/019_017_IMG_0125-2222px-Boettgerstr-7-c-Anna-Wasilewski-018-300x200.jpg 300w, https:\/\/anna-wasilewski.com\/wp\/wp-content\/uploads\/2017\/08\/019_017_IMG_0125-2222px-Boettgerstr-7-c-Anna-Wasilewski-018-768x512.jpg 768w\" sizes=\"auto, (max-width: 1024px) 100vw, 1024px\" \/><\/p>\n<h3>Sicht auf Bastianstra\u00dfe<\/h3>\n<p><img loading=\"lazy\" decoding=\"async\" class=\"alignleft wp-image-2047\" src=\"http:\/\/anna-wasilewski.com\/wp\/wp-content\/uploads\/2017\/08\/022_020_IMG_0083-2222px-Boettgerstr-7-c-Anna-Wasilewski-021-1024x683.jpg\" alt=\"\" width=\"1024\" height=\"683\" srcset=\"https:\/\/anna-wasilewski.com\/wp\/wp-content\/uploads\/2017\/08\/022_020_IMG_0083-2222px-Boettgerstr-7-c-Anna-Wasilewski-021-1024x683.jpg 1024w, https:\/\/anna-wasilewski.com\/wp\/wp-content\/uploads\/2017\/08\/022_020_IMG_0083-2222px-Boettgerstr-7-c-Anna-Wasilewski-021-300x200.jpg 300w, https:\/\/anna-wasilewski.com\/wp\/wp-content\/uploads\/2017\/08\/022_020_IMG_0083-2222px-Boettgerstr-7-c-Anna-Wasilewski-021-768x512.jpg 768w\" sizes=\"auto, (max-width: 1024px) 100vw, 1024px\" \/><\/p>\n<h3>Aussicht auf B\u00f6ttgerstra\u00dfe und Berliner Sehensw\u00fcrdigkeiten<\/h3>\n<p><img loading=\"lazy\" decoding=\"async\" class=\"alignleft wp-image-2048\" src=\"http:\/\/anna-wasilewski.com\/wp\/wp-content\/uploads\/2017\/08\/023_021_IMG_0084-2222px-Boettgerstr-7-c-Anna-Wasilewski-022-1024x683.jpg\" alt=\"\" width=\"1024\" height=\"683\" srcset=\"https:\/\/anna-wasilewski.com\/wp\/wp-content\/uploads\/2017\/08\/023_021_IMG_0084-2222px-Boettgerstr-7-c-Anna-Wasilewski-022-1024x683.jpg 1024w, https:\/\/anna-wasilewski.com\/wp\/wp-content\/uploads\/2017\/08\/023_021_IMG_0084-2222px-Boettgerstr-7-c-Anna-Wasilewski-022-300x200.jpg 300w, https:\/\/anna-wasilewski.com\/wp\/wp-content\/uploads\/2017\/08\/023_021_IMG_0084-2222px-Boettgerstr-7-c-Anna-Wasilewski-022-768x512.jpg 768w\" sizes=\"auto, (max-width: 1024px) 100vw, 1024px\" \/><\/p>\n<p><img loading=\"lazy\" decoding=\"async\" class=\"alignleft wp-image-2049\" src=\"http:\/\/anna-wasilewski.com\/wp\/wp-content\/uploads\/2017\/08\/024_IMG_0064-2222px-Boettgerstr-7-c-Anna-Wasilewski-023-1024x684.jpg\" alt=\"\" width=\"1024\" height=\"684\" srcset=\"https:\/\/anna-wasilewski.com\/wp\/wp-content\/uploads\/2017\/08\/024_IMG_0064-2222px-Boettgerstr-7-c-Anna-Wasilewski-023-1024x684.jpg 1024w, https:\/\/anna-wasilewski.com\/wp\/wp-content\/uploads\/2017\/08\/024_IMG_0064-2222px-Boettgerstr-7-c-Anna-Wasilewski-023-300x200.jpg 300w, https:\/\/anna-wasilewski.com\/wp\/wp-content\/uploads\/2017\/08\/024_IMG_0064-2222px-Boettgerstr-7-c-Anna-Wasilewski-023-768x513.jpg 768w\" sizes=\"auto, (max-width: 1024px) 100vw, 1024px\" \/><\/p>\n<p><img loading=\"lazy\" decoding=\"async\" class=\"alignleft wp-image-2050\" src=\"http:\/\/anna-wasilewski.com\/wp\/wp-content\/uploads\/2017\/08\/025_IMG_0066-2222px-Boettgerstr-7-c-Anna-Wasilewski-024-1024x683.jpg\" alt=\"\" width=\"1024\" height=\"683\" srcset=\"https:\/\/anna-wasilewski.com\/wp\/wp-content\/uploads\/2017\/08\/025_IMG_0066-2222px-Boettgerstr-7-c-Anna-Wasilewski-024-1024x683.jpg 1024w, https:\/\/anna-wasilewski.com\/wp\/wp-content\/uploads\/2017\/08\/025_IMG_0066-2222px-Boettgerstr-7-c-Anna-Wasilewski-024-300x200.jpg 300w, https:\/\/anna-wasilewski.com\/wp\/wp-content\/uploads\/2017\/08\/025_IMG_0066-2222px-Boettgerstr-7-c-Anna-Wasilewski-024-768x512.jpg 768w\" sizes=\"auto, (max-width: 1024px) 100vw, 1024px\" \/><\/p>\n<h3>Grundriss<\/h3>\n<p><img loading=\"lazy\" decoding=\"async\" class=\"alignleft size-full wp-image-2077\" src=\"http:\/\/anna-wasilewski.com\/wp\/wp-content\/uploads\/2017\/08\/Grundriss-Filmlocation-Berlin-WEB.jpg\" alt=\"\" width=\"1024\" height=\"718\" srcset=\"https:\/\/anna-wasilewski.com\/wp\/wp-content\/uploads\/2017\/08\/Grundriss-Filmlocation-Berlin-WEB.jpg 1024w, https:\/\/anna-wasilewski.com\/wp\/wp-content\/uploads\/2017\/08\/Grundriss-Filmlocation-Berlin-WEB-300x210.jpg 300w, https:\/\/anna-wasilewski.com\/wp\/wp-content\/uploads\/2017\/08\/Grundriss-Filmlocation-Berlin-WEB-768x539.jpg 768w\" sizes=\"auto, (max-width: 1024px) 100vw, 1024px\" \/><\/p>\n<h3>Panorama<\/h3>\n<p><a href=\"http:\/\/anna-wasilewski.com\/wp\/wp-content\/uploads\/2017\/08\/Unbenanntes_Panorama1.jpg\"><img loading=\"lazy\" decoding=\"async\" class=\"alignleft size-full wp-image-2086\" src=\"http:\/\/anna-wasilewski.com\/wp\/wp-content\/uploads\/2017\/08\/Unbenanntes_Panorama1.jpg\" alt=\"\" width=\"2222\" height=\"352\" srcset=\"https:\/\/anna-wasilewski.com\/wp\/wp-content\/uploads\/2017\/08\/Unbenanntes_Panorama1.jpg 2222w, https:\/\/anna-wasilewski.com\/wp\/wp-content\/uploads\/2017\/08\/Unbenanntes_Panorama1-300x48.jpg 300w, https:\/\/anna-wasilewski.com\/wp\/wp-content\/uploads\/2017\/08\/Unbenanntes_Panorama1-768x122.jpg 768w, https:\/\/anna-wasilewski.com\/wp\/wp-content\/uploads\/2017\/08\/Unbenanntes_Panorama1-1024x162.jpg 1024w\" sizes=\"auto, (max-width: 2222px) 100vw, 2222px\" \/><\/a><br \/>\n<a href=\"http:\/\/anna-wasilewski.com\/wp\/wp-content\/uploads\/2017\/08\/Unbenanntes_Panorama3.jpg\"><img loading=\"lazy\" decoding=\"async\" class=\"alignleft size-full wp-image-2088\" src=\"http:\/\/anna-wasilewski.com\/wp\/wp-content\/uploads\/2017\/08\/Unbenanntes_Panorama3.jpg\" alt=\"\" width=\"2222\" height=\"694\" srcset=\"https:\/\/anna-wasilewski.com\/wp\/wp-content\/uploads\/2017\/08\/Unbenanntes_Panorama3.jpg 2222w, https:\/\/anna-wasilewski.com\/wp\/wp-content\/uploads\/2017\/08\/Unbenanntes_Panorama3-300x94.jpg 300w, https:\/\/anna-wasilewski.com\/wp\/wp-content\/uploads\/2017\/08\/Unbenanntes_Panorama3-768x240.jpg 768w, https:\/\/anna-wasilewski.com\/wp\/wp-content\/uploads\/2017\/08\/Unbenanntes_Panorama3-1024x320.jpg 1024w\" sizes=\"auto, (max-width: 2222px) 100vw, 2222px\" \/><\/a><br \/>\n<a href=\"http:\/\/anna-wasilewski.com\/wp\/wp-content\/uploads\/2017\/08\/Unbenanntes_Panorama2.jpg\"><img loading=\"lazy\" decoding=\"async\" class=\"alignleft size-full wp-image-2087\" src=\"http:\/\/anna-wasilewski.com\/wp\/wp-content\/uploads\/2017\/08\/Unbenanntes_Panorama2.jpg\" alt=\"\" width=\"2222\" height=\"453\" srcset=\"https:\/\/anna-wasilewski.com\/wp\/wp-content\/uploads\/2017\/08\/Unbenanntes_Panorama2.jpg 2222w, https:\/\/anna-wasilewski.com\/wp\/wp-content\/uploads\/2017\/08\/Unbenanntes_Panorama2-300x61.jpg 300w, https:\/\/anna-wasilewski.com\/wp\/wp-content\/uploads\/2017\/08\/Unbenanntes_Panorama2-768x157.jpg 768w, https:\/\/anna-wasilewski.com\/wp\/wp-content\/uploads\/2017\/08\/Unbenanntes_Panorama2-1024x209.jpg 1024w\" sizes=\"auto, (max-width: 2222px) 100vw, 2222px\" \/><\/a><\/p>\n<h2>Beispielvideos<\/h2>\n<h3>Sonnenuntergang \u00fcber Berlin<\/h3>\n<p><a href=\"https:\/\/www.zdf.de\/nachrichten\/drehscheibe\/expediton-nacht-kiosk-100.html\">https:\/\/www.zdf.de\/nachrichten\/drehscheibe\/expediton-nacht-kiosk-100.html<\/a><\/p>\n<h3>DYLAN &#8211; Dream of the Living Dead (Pilot)<\/h3>\n<div style=\"position: relative; height: 0; padding-bottom: 56.25%;\"><iframe loading=\"lazy\" style=\"position: absolute; width: 100%; height: 100%; left: 0;\" src=\"https:\/\/www.youtube.com\/embed\/wI94lz66Jgw?ecver=2\" width=\"640\" height=\"360\" frameborder=\"0\" allowfullscreen=\"allowfullscreen\"><\/iframe><\/div>\n","protected":false},"excerpt":{"rendered":"<p>\u00dcber den D\u00e4chern von Berlin, im sch\u00f6nen Wedding: Fahrstuhl Stellpl\u00e4tze K\u00fcche, Bad, 3 Zimmer, begehbarer Kleiderschrank, Terrasse 70 qm Wohnfl\u00e4che 65 qm Dachterrasse Video Fotos Au\u00dfenansicht S\u00fcdseite Blick nach Westen Westseite Nordseite K\u00fcche Flur Arbeits- \/ G\u00e4stezimmer Wohnzimmer Schlafzimmer Flur 2 Badezimmer Sicht auf Bastianstra\u00dfe Aussicht auf B\u00f6ttgerstra\u00dfe und Berliner Sehensw\u00fcrdigkeiten Grundriss Panorama Beispielvideos Sonnenuntergang &#8230; <span class=\"more\"><a class=\"more-link\" href=\"https:\/\/anna-wasilewski.com\/wp\/leistungen\/foto-und-filmlocation\/\">[Read more&#8230;]<\/a><\/span><\/p>\n","protected":false},"author":1,"featured_media":0,"parent":1457,"menu_order":6,"comment_status":"closed","ping_status":"closed","template":"","meta":{"footnotes":""},"class_list":["entry","page","publish","author-wasilewski","post-2025"],"_links":{"self":[{"href":"https:\/\/anna-wasilewski.com\/wp\/wp-json\/wp\/v2\/pages\/2025","targetHints":{"allow":["GET"]}}],"collection":[{"href":"https:\/\/anna-wasilewski.com\/wp\/wp-json\/wp\/v2\/pages"}],"about":[{"href":"https:\/\/anna-wasilewski.com\/wp\/wp-json\/wp\/v2\/types\/page"}],"author":[{"embeddable":true,"href":"https:\/\/anna-wasilewski.com\/wp\/wp-json\/wp\/v2\/users\/1"}],"replies":[{"embeddable":true,"href":"https:\/\/anna-wasilewski.com\/wp\/wp-json\/wp\/v2\/comments?post=2025"}],"version-history":[{"count":38,"href":"https:\/\/anna-wasilewski.com\/wp\/wp-json\/wp\/v2\/pages\/2025\/revisions"}],"predecessor-version":[{"id":2137,"href":"https:\/\/anna-wasilewski.com\/wp\/wp-json\/wp\/v2\/pages\/2025\/revisions\/2137"}],"up":[{"embeddable":true,"href":"https:\/\/anna-wasilewski.com\/wp\/wp-json\/wp\/v2\/pages\/1457"}],"wp:attachment":[{"href":"https:\/\/anna-wasilewski.com\/wp\/wp-json\/wp\/v2\/media?parent=2025"}],"curies":[{"name":"wp","href":"https:\/\/api.w.org\/{rel}","templated":true}]}}